{"id":2555,"date":"2019-03-27T11:44:53","date_gmt":"2019-03-27T15:44:53","guid":{"rendered":"https:\/\/devmamorel.alex-wp.com\/?page_id=2555"},"modified":"2023-03-22T16:50:59","modified_gmt":"2023-03-22T20:50:59","slug":"one-for-all-all-for-one","status":"publish","type":"page","link":"https:\/\/marcandremorel.com\/en\/one-for-all-all-for-one\/","title":{"rendered":"One for all, all for one"},"content":{"rendered":"<p>[et_pb_section fb_built=&#8221;1&#8243; _builder_version=&#8221;4.16&#8243; background_color=&#8221;rgba(0,0,0,0.7)&#8221; background_image=&#8221;https:\/\/marcandremorel.com\/wp-content\/uploads\/2021\/06\/star-5031540_1920.jpg&#8221; custom_padding=&#8221;||70px|&#8221; box_shadow_style=&#8221;preset1&#8243; global_colors_info=&#8221;{}&#8221;][et_pb_row _builder_version=&#8221;4.16&#8243; background_size=&#8221;initial&#8221; background_position=&#8221;top_left&#8221; background_repeat=&#8221;repeat&#8221; global_colors_info=&#8221;{}&#8221;][et_pb_column type=&#8221;4_4&#8243; _builder_version=&#8221;4.16&#8243; custom_padding=&#8221;|||&#8221; global_colors_info=&#8221;{}&#8221; custom_padding__hover=&#8221;|||&#8221;][et_pb_text _builder_version=&#8221;4.20.2&#8243; header_font=&#8221;|600|||||||&#8221; header_font_size=&#8221;47px&#8221; header_letter_spacing=&#8221;2px&#8221; background_layout=&#8221;dark&#8221; module_alignment=&#8221;center&#8221; header_font_size_tablet=&#8221;40px&#8221; header_font_size_phone=&#8221;35px&#8221; header_font_size_last_edited=&#8221;on|phone&#8221; global_colors_info=&#8221;{}&#8221;]<\/p>\n<h1 class=\"p1\" style=\"text-align: center;\"><span class=\"s1\">ONE FOR ALL, ALL FOR ONE<\/span><\/h1>\n<p>[\/et_pb_text][et_pb_divider color=&#8221;#ffffff&#8221; divider_position=&#8221;bottom&#8221; divider_weight=&#8221;2px&#8221; _builder_version=&#8221;4.16&#8243; max_width=&#8221;5%&#8221; max_width_tablet=&#8221;10%&#8221; max_width_phone=&#8221;20%&#8221; max_width_last_edited=&#8221;on|phone&#8221; module_alignment=&#8221;center&#8221; height=&#8221;0px&#8221; custom_margin=&#8221;0px|||&#8221; global_colors_info=&#8221;{}&#8221;][\/et_pb_divider][et_pb_text _builder_version=&#8221;4.16&#8243; text_font=&#8221;|300|||||||&#8221; text_font_size=&#8221;27px&#8221; background_layout=&#8221;dark&#8221; max_width=&#8221;69%&#8221; max_width_tablet=&#8221;&#8221; max_width_phone=&#8221;&#8221; max_width_last_edited=&#8221;on|phone&#8221; module_alignment=&#8221;center&#8221; text_font_size_tablet=&#8221;25px&#8221; text_font_size_phone=&#8221;20px&#8221; text_font_size_last_edited=&#8221;on|phone&#8221; global_colors_info=&#8221;{}&#8221;][\/et_pb_text][\/et_pb_column][\/et_pb_row][\/et_pb_section][et_pb_section fb_built=&#8221;1&#8243; _builder_version=&#8221;4.16&#8243; custom_padding=&#8221;54px|0px|66px|0px&#8221; global_colors_info=&#8221;{}&#8221;][et_pb_row _builder_version=&#8221;4.16&#8243; background_size=&#8221;initial&#8221; background_position=&#8221;top_left&#8221; background_repeat=&#8221;repeat&#8221; custom_padding=&#8221;27px|0px|0|0px|false|false&#8221; global_colors_info=&#8221;{}&#8221;][et_pb_column type=&#8221;4_4&#8243; _builder_version=&#8221;4.16&#8243; custom_padding=&#8221;|||&#8221; global_colors_info=&#8221;{}&#8221; custom_padding__hover=&#8221;|||&#8221;][et_pb_text _builder_version=&#8221;4.16&#8243; header_font_size=&#8221;33px&#8221; header_2_font_size=&#8221;32px&#8221; max_width=&#8221;51%&#8221; max_width_tablet=&#8221;&#8221; max_width_phone=&#8221;&#8221; max_width_last_edited=&#8221;on|phone&#8221; module_alignment=&#8221;center&#8221; custom_margin=&#8221;||0px|&#8221; header_font_size_tablet=&#8221;&#8221; header_font_size_phone=&#8221;&#8221; header_font_size_last_edited=&#8221;on|desktop&#8221; header_2_font_size_tablet=&#8221;27px&#8221; header_2_font_size_phone=&#8221;25px&#8221; header_2_font_size_last_edited=&#8221;on|phone&#8221; global_colors_info=&#8221;{}&#8221;]<\/p>\n<h2 class=\"p1\" style=\"text-align: center;\"><span class=\"s1\">Atelier de Team Building<\/span><\/h2>\n<p>[\/et_pb_text][et_pb_text _builder_version=&#8221;4.16&#8243; text_font=&#8221;|300|||||||&#8221; text_font_size=&#8221;19px&#8221; ul_font_size=&#8221;19px&#8221; ul_line_height=&#8221;1.8em&#8221; max_width=&#8221;78%&#8221; max_width_tablet=&#8221;&#8221; max_width_phone=&#8221;&#8221; max_width_last_edited=&#8221;on|phone&#8221; module_alignment=&#8221;center&#8221; custom_css_main_element=&#8221;font-weight: 400&#8243; global_colors_info=&#8221;{}&#8221;]<\/p>\n<p style=\"text-align: center;\">Ces activit\u00e9s uniques, ludiques et p\u00e9dagogiques \u00e9veilleront l&#8217;esprit de responsabilisation, de collaboration et d&#8217;adaption aux diff\u00e9rences!<\/p>\n<p>[\/et_pb_text][et_pb_divider color=&#8221;#d3d3d3&#8243; divider_position=&#8221;bottom&#8221; divider_weight=&#8221;2px&#8221; _builder_version=&#8221;4.16&#8243; background_color=&#8221;#d3d3d3&#8243; max_width=&#8221;5%&#8221; max_width_tablet=&#8221;10%&#8221; max_width_phone=&#8221;20%&#8221; max_width_last_edited=&#8221;on|phone&#8221; module_alignment=&#8221;center&#8221; height=&#8221;0px&#8221; custom_margin=&#8221;0px|||&#8221; global_colors_info=&#8221;{}&#8221;][\/et_pb_divider][et_pb_text _builder_version=&#8221;4.16&#8243; text_font=&#8221;|300|||||||&#8221; text_font_size=&#8221;19px&#8221; ul_font_size=&#8221;19px&#8221; ul_line_height=&#8221;1.8em&#8221; max_width=&#8221;78%&#8221; max_width_tablet=&#8221;&#8221; max_width_phone=&#8221;&#8221; max_width_last_edited=&#8221;on|phone&#8221; module_alignment=&#8221;center&#8221; custom_css_main_element=&#8221;font-weight: 400&#8243; global_colors_info=&#8221;{}&#8221;]<\/p>\n<p style=\"text-align: left;\"><strong>Cette session de Team Building int\u00e9rieur vous offre une exp\u00e9rience unique et m\u00e9morable de coh\u00e9sion d\u2019\u00e9quipe pour:<\/strong><\/p>\n<ul>\n<li style=\"text-align: left;\">Augmenter le sens de la responsabilit\u00e9 individuelle dans le succ\u00e8s de l\u2019\u00e9quipe<\/li>\n<li style=\"text-align: left;\">Am\u00e9liorer les rapports interpersonnels gr\u00e2ce \u00e0 une meilleure connaissance de soi et des autres &#8211; inclut auto\u00e9valuation et activit\u00e9s de groupe<\/li>\n<li style=\"text-align: left;\">Harmoniser les communications gr\u00e2ce \u00e0 la sensibilisation aux diff\u00e9rences<\/li>\n<li style=\"text-align: left;\">Consolider la coh\u00e9sion de l\u2019\u00e9quipe gr\u00e2ce \u00e0 l\u2019exp\u00e9rience d\u2019un exercice m\u00e9morable d\u2019appr\u00e9ciation de l\u2019autre<\/li>\n<\/ul>\n<p style=\"text-align: left;\"><strong>VOICI CERTAINS DES TH\u00c8MES PR\u00c9SENT\u00c9S:<br \/><\/strong><\/p>\n<p style=\"text-align: left;\">1. Les individus et l&#8217;\u00e9quipe font l&#8217;organisation<\/p>\n<p>2. Qualit\u00e9s du co\u00e9quiper d&#8217;exception &#8211; <strong>Exercice interactif<\/strong><\/p>\n<div class=\"vc_row wpb_row section vc_row-fluid grid_section\" style=\"text-align: left;\">\n<div class=\" section_inner clearfix\">\n<div class=\"section_inner_margin clearfix\">\n<div class=\"wpb_column vc_column_container vc_col-sm-12 vc_col-lg-offset-2 vc_col-lg-8 vc_col-md-offset-0 vc_col-md-12 vc_col-sm-offset-0\">\n<div class=\"vc_column-inner vc_custom_1457006046331\">\n<div class=\"wpb_wrapper\">\n<div class=\"wpb_text_column wpb_content_element \">\n<div class=\"wpb_wrapper\">\n<p>3. Travailler avec des couleurs de personnalit\u00e9s diff\u00e9rentes<strong><\/strong> &#8211; <strong>Test individuel inclut<\/strong><\/p>\n<p>4. L&#8217;immense pouvoir de collaboration et de bien-\u00eatre de l&#8217;appr\u00e9ciation &#8211; <strong>Exercice de groupe<br \/><\/strong><\/p>\n<p><strong>\u00a0<\/strong><\/p>\n<p>&nbsp;<\/p>\n<\/div>\n<\/div>\n<\/div>\n<\/div>\n<\/div>\n<\/div>\n<\/div>\n<\/div>\n<p>[\/et_pb_text][\/et_pb_column][\/et_pb_row][et_pb_row _builder_version=&#8221;4.16&#8243; max_width=&#8221;842px&#8221; custom_padding=&#8221;0|0px|27px|0px&#8221; use_custom_width=&#8221;on&#8221; custom_width_px=&#8221;842px&#8221; global_colors_info=&#8221;{}&#8221;][et_pb_column type=&#8221;4_4&#8243; _builder_version=&#8221;4.16&#8243; custom_padding=&#8221;|||&#8221; global_colors_info=&#8221;{}&#8221; custom_padding__hover=&#8221;|||&#8221;][et_pb_testimonial_slider posts_number=&#8221;1&#8243; b3_testimonial_slider_display_category=&#8221;specificcategory&#8221; include_categories=&#8221;38&#8243; b3_testimonial_slider_display_url=&#8221;off&#8221; display_client_image=&#8221;off&#8221; show_arrows=&#8221;on&#8221; arrows_custom_color=&#8221;#4388c7&#8243; display_quote_icon_color=&#8221;#4388c7&#8243; ts_dot_nav_custom_color=&#8221;#4388c7&#8243; auto_speed=&#8221;4000&#8243; _builder_version=&#8221;4.16&#8243; body_font=&#8221;Poppins||||||||&#8221; body_font_size=&#8221;25&#8243; client_name_fonts_font=&#8221;Poppins||||||||&#8221; client_name_fonts_text_color=&#8221;#a5a5a5&#8243; company_name_fonts_text_color=&#8221;#a5a5a5&#8243; custom_padding=&#8221;40px||40px|&#8221; global_colors_info=&#8221;{}&#8221;][\/et_pb_testimonial_slider][et_pb_button button_url=&#8221;https:\/\/marcandremorel.com\/en\/contact\/&#8221; button_text=&#8221;Demandez une soumission&#8221; button_alignment=&#8221;center&#8221; _builder_version=&#8221;4.20.2&#8243; custom_button=&#8221;on&#8221; button_text_size=&#8221;17px&#8221; button_text_color=&#8221;#ffffff&#8221; button_bg_color=&#8221;#4388c7&#8243; button_use_icon=&#8221;off&#8221; background_layout=&#8221;dark&#8221; custom_margin=&#8221;20px|||&#8221; custom_padding=&#8221;15px|30px|15px|30px&#8221; hover_enabled=&#8221;0&#8243; button_bg_color_hover=&#8221;#000000&#8243; global_colors_info=&#8221;{}&#8221; button_text_size__hover_enabled=&#8221;off&#8221; button_one_text_size__hover_enabled=&#8221;off&#8221; button_two_text_size__hover_enabled=&#8221;off&#8221; button_text_color__hover_enabled=&#8221;off&#8221; button_one_text_color__hover_enabled=&#8221;off&#8221; button_two_text_color__hover_enabled=&#8221;off&#8221; button_border_width__hover_enabled=&#8221;off&#8221; button_one_border_width__hover_enabled=&#8221;off&#8221; button_two_border_width__hover_enabled=&#8221;off&#8221; button_border_color__hover_enabled=&#8221;off&#8221; button_one_border_color__hover_enabled=&#8221;off&#8221; button_two_border_color__hover_enabled=&#8221;off&#8221; button_border_radius__hover_enabled=&#8221;off&#8221; button_one_border_radius__hover_enabled=&#8221;off&#8221; button_two_border_radius__hover_enabled=&#8221;off&#8221; button_letter_spacing__hover_enabled=&#8221;off&#8221; button_one_letter_spacing__hover_enabled=&#8221;off&#8221; button_two_letter_spacing__hover_enabled=&#8221;off&#8221; button_bg_color__hover_enabled=&#8221;on&#8221; button_bg_color__hover=&#8221;#000000&#8243; button_one_bg_color__hover_enabled=&#8221;off&#8221; button_two_bg_color__hover_enabled=&#8221;off&#8221; sticky_enabled=&#8221;0&#8243;][\/et_pb_button][\/et_pb_column][\/et_pb_row][\/et_pb_section]<\/p>\n","protected":false},"excerpt":{"rendered":"<p>ONE FOR ALL, ALL FOR ONEAtelier de Team BuildingCes activit\u00e9s uniques, ludiques et p\u00e9dagogiques \u00e9veilleront l&#8217;esprit de responsabilisation, de collaboration et d&#8217;adaption aux diff\u00e9rences!Cette session de Team Building int\u00e9rieur vous offre une exp\u00e9rience unique et m\u00e9morable de coh\u00e9sion d\u2019\u00e9quipe pour: Augmenter le sens de la responsabilit\u00e9 individuelle dans le succ\u00e8s de l\u2019\u00e9quipe Am\u00e9liorer les rapports [&hellip;]<\/p>\n","protected":false},"author":2,"featured_media":0,"parent":0,"menu_order":27,"comment_status":"closed","ping_status":"closed","template":"","meta":{"_et_pb_use_builder":"on","_et_pb_old_content":"","_et_gb_content_width":"","h5ap_radio_sources":[],"footnotes":""},"yoast_head":"<!-- This site is optimized with the Yoast SEO Premium plugin v22.3 (Yoast SEO v23.5) - https:\/\/yoast.com\/wordpress\/plugins\/seo\/ -->\n<title>One for all, all for one | Marc Andr\u00e9 Morel Conf\u00e9rencier<\/title>\n<meta name=\"robots\" content=\"index, follow, max-snippet:-1, max-image-preview:large, max-video-preview:-1\" \/>\n<link rel=\"canonical\" href=\"https:\/\/marcandremorel.com\/en\/one-for-all-all-for-one\/\" \/>\n<meta property=\"og:locale\" content=\"en_US\" \/>\n<meta property=\"og:type\" content=\"article\" \/>\n<meta property=\"og:title\" content=\"One for all, all for one\" \/>\n<meta property=\"og:description\" content=\"ONE FOR ALL, ALL FOR ONEAtelier de Team BuildingCes activit\u00e9s uniques, ludiques et p\u00e9dagogiques \u00e9veilleront l&#039;esprit de responsabilisation, de collaboration et d&#039;adaption aux diff\u00e9rences!Cette session de Team Building int\u00e9rieur vous offre une exp\u00e9rience unique et m\u00e9morable de coh\u00e9sion d\u2019\u00e9quipe pour: Augmenter le sens de la responsabilit\u00e9 individuelle dans le succ\u00e8s de l\u2019\u00e9quipe Am\u00e9liorer les rapports [&hellip;]\" \/>\n<meta property=\"og:url\" content=\"https:\/\/marcandremorel.com\/en\/one-for-all-all-for-one\/\" \/>\n<meta property=\"og:site_name\" content=\"Marc Andr\u00e9 Morel Conf\u00e9rencier\" \/>\n<meta property=\"article:publisher\" content=\"https:\/\/www.facebook.com\/MarcAndreMorelConferencier\" \/>\n<meta property=\"article:modified_time\" content=\"2023-03-22T20:50:59+00:00\" \/>\n<meta property=\"og:image\" content=\"https:\/\/marcandremorel.com\/wp-content\/uploads\/2023\/11\/accueil.jpg\" \/>\n\t<meta property=\"og:image:width\" content=\"1200\" \/>\n\t<meta property=\"og:image:height\" content=\"675\" \/>\n\t<meta property=\"og:image:type\" content=\"image\/jpeg\" \/>\n<meta name=\"twitter:card\" content=\"summary_large_image\" \/>\n<meta name=\"twitter:site\" content=\"@MarcAndreMorel\" \/>\n<meta name=\"twitter:label1\" content=\"Est. reading time\" \/>\n\t<meta name=\"twitter:data1\" content=\"2 minutes\" \/>\n<script type=\"application\/ld+json\" class=\"yoast-schema-graph\">{\"@context\":\"https:\/\/schema.org\",\"@graph\":[{\"@type\":[\"Article\",\"BlogPosting\"],\"@id\":\"https:\/\/marcandremorel.com\/en\/one-for-all-all-for-one\/#article\",\"isPartOf\":{\"@id\":\"https:\/\/marcandremorel.com\/en\/one-for-all-all-for-one\/\"},\"author\":{\"name\":\"Marc Andr\u00e9 Morel\",\"@id\":\"https:\/\/marcandremorel.com\/en\/#\/schema\/person\/516ab3485f4a3fec3044b778e4e5ed78\"},\"headline\":\"One for all, all for one\",\"datePublished\":\"2019-03-27T15:44:53+00:00\",\"dateModified\":\"2023-03-22T20:50:59+00:00\",\"mainEntityOfPage\":{\"@id\":\"https:\/\/marcandremorel.com\/en\/one-for-all-all-for-one\/\"},\"wordCount\":1010,\"publisher\":{\"@id\":\"https:\/\/marcandremorel.com\/en\/#organization\"},\"inLanguage\":\"en-US\"},{\"@type\":\"WebPage\",\"@id\":\"https:\/\/marcandremorel.com\/en\/one-for-all-all-for-one\/\",\"url\":\"https:\/\/marcandremorel.com\/en\/one-for-all-all-for-one\/\",\"name\":\"One for all, all for one | Marc Andr\u00e9 Morel Conf\u00e9rencier\",\"isPartOf\":{\"@id\":\"https:\/\/marcandremorel.com\/en\/#website\"},\"datePublished\":\"2019-03-27T15:44:53+00:00\",\"dateModified\":\"2023-03-22T20:50:59+00:00\",\"breadcrumb\":{\"@id\":\"https:\/\/marcandremorel.com\/en\/one-for-all-all-for-one\/#breadcrumb\"},\"inLanguage\":\"en-US\",\"potentialAction\":[{\"@type\":\"ReadAction\",\"target\":[\"https:\/\/marcandremorel.com\/en\/one-for-all-all-for-one\/\"]}]},{\"@type\":\"BreadcrumbList\",\"@id\":\"https:\/\/marcandremorel.com\/en\/one-for-all-all-for-one\/#breadcrumb\",\"itemListElement\":[{\"@type\":\"ListItem\",\"position\":1,\"name\":\"Accueil\",\"item\":\"https:\/\/marcandremorel.com\/en\/accueil\/\"},{\"@type\":\"ListItem\",\"position\":2,\"name\":\"One for all, all for one\"}]},{\"@type\":\"WebSite\",\"@id\":\"https:\/\/marcandremorel.com\/en\/#website\",\"url\":\"https:\/\/marcandremorel.com\/en\/\",\"name\":\"Marc Andr\u00e9 Morel conf\u00e9rencier\",\"description\":\"Donnez un visage humain \u00e0 votre r\u00e9ussite\",\"publisher\":{\"@id\":\"https:\/\/marcandremorel.com\/en\/#organization\"},\"alternateName\":\"Marc Andr\u00e9 Morel\",\"potentialAction\":[{\"@type\":\"SearchAction\",\"target\":{\"@type\":\"EntryPoint\",\"urlTemplate\":\"https:\/\/marcandremorel.com\/en\/?s={search_term_string}\"},\"query-input\":{\"@type\":\"PropertyValueSpecification\",\"valueRequired\":true,\"valueName\":\"search_term_string\"}}],\"inLanguage\":\"en-US\"},{\"@type\":\"Organization\",\"@id\":\"https:\/\/marcandremorel.com\/en\/#organization\",\"name\":\"Marc Andr\u00e9 Morel conf\u00e9rencier\",\"alternateName\":\"Marc Andr\u00e9 Morel\",\"url\":\"https:\/\/marcandremorel.com\/en\/\",\"logo\":{\"@type\":\"ImageObject\",\"inLanguage\":\"en-US\",\"@id\":\"https:\/\/marcandremorel.com\/en\/#\/schema\/logo\/image\/\",\"url\":\"https:\/\/marcandremorel.com\/wp-content\/uploads\/2023\/11\/accueil_carre.jpg\",\"contentUrl\":\"https:\/\/marcandremorel.com\/wp-content\/uploads\/2023\/11\/accueil_carre.jpg\",\"width\":696,\"height\":696,\"caption\":\"Marc Andr\u00e9 Morel conf\u00e9rencier\"},\"image\":{\"@id\":\"https:\/\/marcandremorel.com\/en\/#\/schema\/logo\/image\/\"},\"sameAs\":[\"https:\/\/www.facebook.com\/MarcAndreMorelConferencier\",\"https:\/\/x.com\/MarcAndreMorel\",\"https:\/\/www.linkedin.com\/in\/marc-andr\u00e9-morel-conf\u00e9rencier-keynote-speaker\/?locale=fr_FR\",\"https:\/\/www.youtube.com\/channel\/UCey6k0UosX9ocvXXP2K22pg\",\"https:\/\/www.instagram.com\/marcandremorel_csp\/\"]},{\"@type\":\"Person\",\"@id\":\"https:\/\/marcandremorel.com\/en\/#\/schema\/person\/516ab3485f4a3fec3044b778e4e5ed78\",\"name\":\"Marc Andr\u00e9 Morel\",\"image\":{\"@type\":\"ImageObject\",\"inLanguage\":\"en-US\",\"@id\":\"https:\/\/marcandremorel.com\/en\/#\/schema\/person\/image\/\",\"url\":\"https:\/\/marcandremorel.com\/wp-content\/litespeed\/avatar\/4a39368e7cb8942c0239d1fb60fcb2d5.jpg?ver=1777402069\",\"contentUrl\":\"https:\/\/marcandremorel.com\/wp-content\/litespeed\/avatar\/4a39368e7cb8942c0239d1fb60fcb2d5.jpg?ver=1777402069\",\"caption\":\"Marc Andr\u00e9 Morel\"},\"url\":\"https:\/\/marcandremorel.com\/en\/author\/marc-andre\/\"}]}<\/script>\n<!-- \/ Yoast SEO Premium plugin. -->","yoast_head_json":{"title":"One for all, all for one | Marc Andr\u00e9 Morel Conf\u00e9rencier","robots":{"index":"index","follow":"follow","max-snippet":"max-snippet:-1","max-image-preview":"max-image-preview:large","max-video-preview":"max-video-preview:-1"},"canonical":"https:\/\/marcandremorel.com\/en\/one-for-all-all-for-one\/","og_locale":"en_US","og_type":"article","og_title":"One for all, all for one","og_description":"ONE FOR ALL, ALL FOR ONEAtelier de Team BuildingCes activit\u00e9s uniques, ludiques et p\u00e9dagogiques \u00e9veilleront l'esprit de responsabilisation, de collaboration et d'adaption aux diff\u00e9rences!Cette session de Team Building int\u00e9rieur vous offre une exp\u00e9rience unique et m\u00e9morable de coh\u00e9sion d\u2019\u00e9quipe pour: Augmenter le sens de la responsabilit\u00e9 individuelle dans le succ\u00e8s de l\u2019\u00e9quipe Am\u00e9liorer les rapports [&hellip;]","og_url":"https:\/\/marcandremorel.com\/en\/one-for-all-all-for-one\/","og_site_name":"Marc Andr\u00e9 Morel Conf\u00e9rencier","article_publisher":"https:\/\/www.facebook.com\/MarcAndreMorelConferencier","article_modified_time":"2023-03-22T20:50:59+00:00","og_image":[{"width":1200,"height":675,"url":"https:\/\/marcandremorel.com\/wp-content\/uploads\/2023\/11\/accueil.jpg","type":"image\/jpeg"}],"twitter_card":"summary_large_image","twitter_site":"@MarcAndreMorel","twitter_misc":{"Est. reading time":"2 minutes"},"schema":{"@context":"https:\/\/schema.org","@graph":[{"@type":["Article","BlogPosting"],"@id":"https:\/\/marcandremorel.com\/en\/one-for-all-all-for-one\/#article","isPartOf":{"@id":"https:\/\/marcandremorel.com\/en\/one-for-all-all-for-one\/"},"author":{"name":"Marc Andr\u00e9 Morel","@id":"https:\/\/marcandremorel.com\/en\/#\/schema\/person\/516ab3485f4a3fec3044b778e4e5ed78"},"headline":"One for all, all for one","datePublished":"2019-03-27T15:44:53+00:00","dateModified":"2023-03-22T20:50:59+00:00","mainEntityOfPage":{"@id":"https:\/\/marcandremorel.com\/en\/one-for-all-all-for-one\/"},"wordCount":1010,"publisher":{"@id":"https:\/\/marcandremorel.com\/en\/#organization"},"inLanguage":"en-US"},{"@type":"WebPage","@id":"https:\/\/marcandremorel.com\/en\/one-for-all-all-for-one\/","url":"https:\/\/marcandremorel.com\/en\/one-for-all-all-for-one\/","name":"One for all, all for one | Marc Andr\u00e9 Morel Conf\u00e9rencier","isPartOf":{"@id":"https:\/\/marcandremorel.com\/en\/#website"},"datePublished":"2019-03-27T15:44:53+00:00","dateModified":"2023-03-22T20:50:59+00:00","breadcrumb":{"@id":"https:\/\/marcandremorel.com\/en\/one-for-all-all-for-one\/#breadcrumb"},"inLanguage":"en-US","potentialAction":[{"@type":"ReadAction","target":["https:\/\/marcandremorel.com\/en\/one-for-all-all-for-one\/"]}]},{"@type":"BreadcrumbList","@id":"https:\/\/marcandremorel.com\/en\/one-for-all-all-for-one\/#breadcrumb","itemListElement":[{"@type":"ListItem","position":1,"name":"Accueil","item":"https:\/\/marcandremorel.com\/en\/accueil\/"},{"@type":"ListItem","position":2,"name":"One for all, all for one"}]},{"@type":"WebSite","@id":"https:\/\/marcandremorel.com\/en\/#website","url":"https:\/\/marcandremorel.com\/en\/","name":"Marc Andr\u00e9 Morel conf\u00e9rencier","description":"Donnez un visage humain \u00e0 votre r\u00e9ussite","publisher":{"@id":"https:\/\/marcandremorel.com\/en\/#organization"},"alternateName":"Marc Andr\u00e9 Morel","potentialAction":[{"@type":"SearchAction","target":{"@type":"EntryPoint","urlTemplate":"https:\/\/marcandremorel.com\/en\/?s={search_term_string}"},"query-input":{"@type":"PropertyValueSpecification","valueRequired":true,"valueName":"search_term_string"}}],"inLanguage":"en-US"},{"@type":"Organization","@id":"https:\/\/marcandremorel.com\/en\/#organization","name":"Marc Andr\u00e9 Morel conf\u00e9rencier","alternateName":"Marc Andr\u00e9 Morel","url":"https:\/\/marcandremorel.com\/en\/","logo":{"@type":"ImageObject","inLanguage":"en-US","@id":"https:\/\/marcandremorel.com\/en\/#\/schema\/logo\/image\/","url":"https:\/\/marcandremorel.com\/wp-content\/uploads\/2023\/11\/accueil_carre.jpg","contentUrl":"https:\/\/marcandremorel.com\/wp-content\/uploads\/2023\/11\/accueil_carre.jpg","width":696,"height":696,"caption":"Marc Andr\u00e9 Morel conf\u00e9rencier"},"image":{"@id":"https:\/\/marcandremorel.com\/en\/#\/schema\/logo\/image\/"},"sameAs":["https:\/\/www.facebook.com\/MarcAndreMorelConferencier","https:\/\/x.com\/MarcAndreMorel","https:\/\/www.linkedin.com\/in\/marc-andr\u00e9-morel-conf\u00e9rencier-keynote-speaker\/?locale=fr_FR","https:\/\/www.youtube.com\/channel\/UCey6k0UosX9ocvXXP2K22pg","https:\/\/www.instagram.com\/marcandremorel_csp\/"]},{"@type":"Person","@id":"https:\/\/marcandremorel.com\/en\/#\/schema\/person\/516ab3485f4a3fec3044b778e4e5ed78","name":"Marc Andr\u00e9 Morel","image":{"@type":"ImageObject","inLanguage":"en-US","@id":"https:\/\/marcandremorel.com\/en\/#\/schema\/person\/image\/","url":"https:\/\/marcandremorel.com\/wp-content\/litespeed\/avatar\/4a39368e7cb8942c0239d1fb60fcb2d5.jpg?ver=1777402069","contentUrl":"https:\/\/marcandremorel.com\/wp-content\/litespeed\/avatar\/4a39368e7cb8942c0239d1fb60fcb2d5.jpg?ver=1777402069","caption":"Marc Andr\u00e9 Morel"},"url":"https:\/\/marcandremorel.com\/en\/author\/marc-andre\/"}]}},"_links":{"self":[{"href":"https:\/\/marcandremorel.com\/en\/wp-json\/wp\/v2\/pages\/2555"}],"collection":[{"href":"https:\/\/marcandremorel.com\/en\/wp-json\/wp\/v2\/pages"}],"about":[{"href":"https:\/\/marcandremorel.com\/en\/wp-json\/wp\/v2\/types\/page"}],"author":[{"embeddable":true,"href":"https:\/\/marcandremorel.com\/en\/wp-json\/wp\/v2\/users\/2"}],"replies":[{"embeddable":true,"href":"https:\/\/marcandremorel.com\/en\/wp-json\/wp\/v2\/comments?post=2555"}],"version-history":[{"count":0,"href":"https:\/\/marcandremorel.com\/en\/wp-json\/wp\/v2\/pages\/2555\/revisions"}],"wp:attachment":[{"href":"https:\/\/marcandremorel.com\/en\/wp-json\/wp\/v2\/media?parent=2555"}],"curies":[{"name":"wp","href":"https:\/\/api.w.org\/{rel}","templated":true}]}}