{"id":9250,"date":"2018-04-02T21:02:18","date_gmt":"2018-04-03T01:02:18","guid":{"rendered":"https:\/\/devmamorel.alex-wp.com\/articles\/"},"modified":"2023-03-22T12:35:55","modified_gmt":"2023-03-22T16:35:55","slug":"articles","status":"publish","type":"page","link":"https:\/\/marcandremorel.com\/en\/articles\/","title":{"rendered":"Articles"},"content":{"rendered":"<p>[et_pb_section fb_built=&#8221;1&#8243; _builder_version=&#8221;4.16&#8243; background_color=&#8221;rgba(38,38,38,0.66)&#8221; background_image=&#8221;https:\/\/marcandremorel.com\/wp-content\/uploads\/2020\/06\/chad-madden-bTfza0M0hCE-unsplash-scaled.jpg&#8221; background_blend=&#8221;hue&#8221; custom_padding=&#8221;||70px|&#8221; global_colors_info=&#8221;{}&#8221;][et_pb_row _builder_version=&#8221;4.16&#8243; background_size=&#8221;initial&#8221; background_position=&#8221;top_left&#8221; background_repeat=&#8221;repeat&#8221; global_colors_info=&#8221;{}&#8221;][et_pb_column type=&#8221;4_4&#8243; _builder_version=&#8221;4.16&#8243; custom_padding=&#8221;|||&#8221; global_colors_info=&#8221;{}&#8221; custom_padding__hover=&#8221;|||&#8221;][et_pb_text _builder_version=&#8221;4.20.2&#8243; text_font=&#8221;||||||||&#8221; header_font=&#8221;|600|||||||&#8221; header_font_size=&#8221;47px&#8221; header_letter_spacing=&#8221;2px&#8221; background_layout=&#8221;dark&#8221; module_alignment=&#8221;center&#8221; hover_enabled=&#8221;0&#8243; header_font_size_tablet=&#8221;40px&#8221; header_font_size_phone=&#8221;35px&#8221; header_font_size_last_edited=&#8221;on|phone&#8221; global_colors_info=&#8221;{}&#8221; sticky_enabled=&#8221;0&#8243;]<\/p>\n<h1 class=\"p1\" style=\"text-align: center;\"><span class=\"s1\">Articles<\/span><span class=\"s1\"><\/span><\/h1>\n<p>[\/et_pb_text][\/et_pb_column][\/et_pb_row][\/et_pb_section][et_pb_section fb_built=&#8221;1&#8243; _builder_version=&#8221;4.16&#8243; background_color=&#8221;#F5F5F5&#8243; custom_margin_tablet=&#8221;|||&#8221; custom_margin_phone=&#8221;&#8221; custom_margin_last_edited=&#8221;on|phone&#8221; custom_padding=&#8221;10px|||&#8221; global_colors_info=&#8221;{}&#8221;][et_pb_row use_custom_gutter=&#8221;on&#8221; gutter_width=&#8221;2&#8243; _builder_version=&#8221;4.16&#8243; width_tablet=&#8221;92%&#8221; width_phone=&#8221;&#8221; width_last_edited=&#8221;on|phone&#8221; max_width_tablet=&#8221;2560%&#8221; max_width_phone=&#8221;&#8221; max_width_last_edited=&#8221;on|tablet&#8221; global_colors_info=&#8221;{}&#8221;][et_pb_column type=&#8221;4_4&#8243; _builder_version=&#8221;4.16&#8243; custom_padding=&#8221;|||&#8221; global_colors_info=&#8221;{}&#8221; custom_padding__hover=&#8221;|||&#8221;][et_pb_blog fullwidth=&#8221;off&#8221; posts_number=&#8221;80&#8243; include_categories=&#8221;all,current,1,7&#8243; show_author=&#8221;off&#8221; show_pagination=&#8221;off&#8221; _builder_version=&#8221;4.20.2&#8243; body_font=&#8221;||||||||&#8221; meta_font=&#8221;||||||||&#8221; meta_line_height=&#8221;1.3em&#8221; global_colors_info=&#8221;{}&#8221;][\/et_pb_blog][\/et_pb_column][\/et_pb_row][\/et_pb_section]<\/p>\n","protected":false},"excerpt":{"rendered":"<p>Articles<\/p>\n","protected":false},"author":2,"featured_media":3607,"parent":0,"menu_order":30,"comment_status":"closed","ping_status":"closed","template":"","meta":{"_et_pb_use_builder":"on","_et_pb_old_content":"","_et_gb_content_width":"","h5ap_radio_sources":[],"footnotes":""},"yoast_head":"<!-- This site is optimized with the Yoast SEO Premium plugin v22.3 (Yoast SEO v23.5) - https:\/\/yoast.com\/wordpress\/plugins\/seo\/ -->\n<title>Articles | Marc Andr\u00e9 Morel Conf\u00e9rencier<\/title>\n<meta name=\"robots\" content=\"index, follow, max-snippet:-1, max-image-preview:large, max-video-preview:-1\" \/>\n<link rel=\"canonical\" href=\"https:\/\/marcandremorel.com\/en\/articles\/\" \/>\n<meta property=\"og:locale\" content=\"en_US\" \/>\n<meta property=\"og:type\" content=\"article\" \/>\n<meta property=\"og:title\" content=\"Articles\" \/>\n<meta property=\"og:description\" content=\"Articles\" \/>\n<meta property=\"og:url\" content=\"https:\/\/marcandremorel.com\/en\/articles\/\" \/>\n<meta property=\"og:site_name\" content=\"Marc Andr\u00e9 Morel Conf\u00e9rencier\" \/>\n<meta property=\"article:publisher\" content=\"https:\/\/www.facebook.com\/MarcAndreMorelConferencier\" \/>\n<meta property=\"article:modified_time\" content=\"2023-03-22T16:35:55+00:00\" \/>\n<meta property=\"og:image\" content=\"https:\/\/marcandremorel.com\/wp-content\/uploads\/2020\/08\/IMG_4730.jpg\" \/>\n\t<meta property=\"og:image:width\" content=\"2048\" \/>\n\t<meta property=\"og:image:height\" content=\"2048\" \/>\n\t<meta property=\"og:image:type\" content=\"image\/jpeg\" \/>\n<meta name=\"twitter:card\" content=\"summary_large_image\" \/>\n<meta name=\"twitter:site\" content=\"@MarcAndreMorel\" \/>\n<meta name=\"twitter:label1\" content=\"Est. reading time\" \/>\n\t<meta name=\"twitter:data1\" content=\"1 minute\" \/>\n<script type=\"application\/ld+json\" class=\"yoast-schema-graph\">{\"@context\":\"https:\/\/schema.org\",\"@graph\":[{\"@type\":[\"Article\",\"BlogPosting\"],\"@id\":\"https:\/\/marcandremorel.com\/en\/articles\/#article\",\"isPartOf\":{\"@id\":\"https:\/\/marcandremorel.com\/en\/articles\/\"},\"author\":{\"name\":\"Marc Andr\u00e9 Morel\",\"@id\":\"https:\/\/marcandremorel.com\/en\/#\/schema\/person\/516ab3485f4a3fec3044b778e4e5ed78\"},\"headline\":\"Articles\",\"datePublished\":\"2018-04-03T01:02:18+00:00\",\"dateModified\":\"2023-03-22T16:35:55+00:00\",\"mainEntityOfPage\":{\"@id\":\"https:\/\/marcandremorel.com\/en\/articles\/\"},\"wordCount\":244,\"publisher\":{\"@id\":\"https:\/\/marcandremorel.com\/en\/#organization\"},\"image\":{\"@id\":\"https:\/\/marcandremorel.com\/en\/articles\/#primaryimage\"},\"thumbnailUrl\":\"https:\/\/marcandremorel.com\/wp-content\/uploads\/2020\/08\/IMG_4730.jpg\",\"inLanguage\":\"en-US\"},{\"@type\":\"WebPage\",\"@id\":\"https:\/\/marcandremorel.com\/en\/articles\/\",\"url\":\"https:\/\/marcandremorel.com\/en\/articles\/\",\"name\":\"Articles | Marc Andr\u00e9 Morel Conf\u00e9rencier\",\"isPartOf\":{\"@id\":\"https:\/\/marcandremorel.com\/en\/#website\"},\"primaryImageOfPage\":{\"@id\":\"https:\/\/marcandremorel.com\/en\/articles\/#primaryimage\"},\"image\":{\"@id\":\"https:\/\/marcandremorel.com\/en\/articles\/#primaryimage\"},\"thumbnailUrl\":\"https:\/\/marcandremorel.com\/wp-content\/uploads\/2020\/08\/IMG_4730.jpg\",\"datePublished\":\"2018-04-03T01:02:18+00:00\",\"dateModified\":\"2023-03-22T16:35:55+00:00\",\"breadcrumb\":{\"@id\":\"https:\/\/marcandremorel.com\/en\/articles\/#breadcrumb\"},\"inLanguage\":\"en-US\",\"potentialAction\":[{\"@type\":\"ReadAction\",\"target\":[\"https:\/\/marcandremorel.com\/en\/articles\/\"]}]},{\"@type\":\"ImageObject\",\"inLanguage\":\"en-US\",\"@id\":\"https:\/\/marcandremorel.com\/en\/articles\/#primaryimage\",\"url\":\"https:\/\/marcandremorel.com\/wp-content\/uploads\/2020\/08\/IMG_4730.jpg\",\"contentUrl\":\"https:\/\/marcandremorel.com\/wp-content\/uploads\/2020\/08\/IMG_4730.jpg\",\"width\":2048,\"height\":2048},{\"@type\":\"BreadcrumbList\",\"@id\":\"https:\/\/marcandremorel.com\/en\/articles\/#breadcrumb\",\"itemListElement\":[{\"@type\":\"ListItem\",\"position\":1,\"name\":\"Accueil\",\"item\":\"https:\/\/marcandremorel.com\/en\/accueil\/\"},{\"@type\":\"ListItem\",\"position\":2,\"name\":\"Articles\"}]},{\"@type\":\"WebSite\",\"@id\":\"https:\/\/marcandremorel.com\/en\/#website\",\"url\":\"https:\/\/marcandremorel.com\/en\/\",\"name\":\"Marc Andr\u00e9 Morel conf\u00e9rencier\",\"description\":\"Donnez un visage humain \u00e0 votre r\u00e9ussite\",\"publisher\":{\"@id\":\"https:\/\/marcandremorel.com\/en\/#organization\"},\"alternateName\":\"Marc Andr\u00e9 Morel\",\"potentialAction\":[{\"@type\":\"SearchAction\",\"target\":{\"@type\":\"EntryPoint\",\"urlTemplate\":\"https:\/\/marcandremorel.com\/en\/?s={search_term_string}\"},\"query-input\":{\"@type\":\"PropertyValueSpecification\",\"valueRequired\":true,\"valueName\":\"search_term_string\"}}],\"inLanguage\":\"en-US\"},{\"@type\":\"Organization\",\"@id\":\"https:\/\/marcandremorel.com\/en\/#organization\",\"name\":\"Marc Andr\u00e9 Morel conf\u00e9rencier\",\"alternateName\":\"Marc Andr\u00e9 Morel\",\"url\":\"https:\/\/marcandremorel.com\/en\/\",\"logo\":{\"@type\":\"ImageObject\",\"inLanguage\":\"en-US\",\"@id\":\"https:\/\/marcandremorel.com\/en\/#\/schema\/logo\/image\/\",\"url\":\"https:\/\/marcandremorel.com\/wp-content\/uploads\/2023\/11\/accueil_carre.jpg\",\"contentUrl\":\"https:\/\/marcandremorel.com\/wp-content\/uploads\/2023\/11\/accueil_carre.jpg\",\"width\":696,\"height\":696,\"caption\":\"Marc Andr\u00e9 Morel conf\u00e9rencier\"},\"image\":{\"@id\":\"https:\/\/marcandremorel.com\/en\/#\/schema\/logo\/image\/\"},\"sameAs\":[\"https:\/\/www.facebook.com\/MarcAndreMorelConferencier\",\"https:\/\/x.com\/MarcAndreMorel\",\"https:\/\/www.linkedin.com\/in\/marc-andr\u00e9-morel-conf\u00e9rencier-keynote-speaker\/?locale=fr_FR\",\"https:\/\/www.youtube.com\/channel\/UCey6k0UosX9ocvXXP2K22pg\",\"https:\/\/www.instagram.com\/marcandremorel_csp\/\"]},{\"@type\":\"Person\",\"@id\":\"https:\/\/marcandremorel.com\/en\/#\/schema\/person\/516ab3485f4a3fec3044b778e4e5ed78\",\"name\":\"Marc Andr\u00e9 Morel\",\"image\":{\"@type\":\"ImageObject\",\"inLanguage\":\"en-US\",\"@id\":\"https:\/\/marcandremorel.com\/en\/#\/schema\/person\/image\/\",\"url\":\"https:\/\/marcandremorel.com\/wp-content\/litespeed\/avatar\/4a39368e7cb8942c0239d1fb60fcb2d5.jpg?ver=1776192197\",\"contentUrl\":\"https:\/\/marcandremorel.com\/wp-content\/litespeed\/avatar\/4a39368e7cb8942c0239d1fb60fcb2d5.jpg?ver=1776192197\",\"caption\":\"Marc Andr\u00e9 Morel\"},\"url\":\"https:\/\/marcandremorel.com\/en\/author\/marc-andre\/\"}]}<\/script>\n<!-- \/ Yoast SEO Premium plugin. -->","yoast_head_json":{"title":"Articles | Marc Andr\u00e9 Morel Conf\u00e9rencier","robots":{"index":"index","follow":"follow","max-snippet":"max-snippet:-1","max-image-preview":"max-image-preview:large","max-video-preview":"max-video-preview:-1"},"canonical":"https:\/\/marcandremorel.com\/en\/articles\/","og_locale":"en_US","og_type":"article","og_title":"Articles","og_description":"Articles","og_url":"https:\/\/marcandremorel.com\/en\/articles\/","og_site_name":"Marc Andr\u00e9 Morel Conf\u00e9rencier","article_publisher":"https:\/\/www.facebook.com\/MarcAndreMorelConferencier","article_modified_time":"2023-03-22T16:35:55+00:00","og_image":[{"width":2048,"height":2048,"url":"https:\/\/marcandremorel.com\/wp-content\/uploads\/2020\/08\/IMG_4730.jpg","type":"image\/jpeg"}],"twitter_card":"summary_large_image","twitter_site":"@MarcAndreMorel","twitter_misc":{"Est. reading time":"1 minute"},"schema":{"@context":"https:\/\/schema.org","@graph":[{"@type":["Article","BlogPosting"],"@id":"https:\/\/marcandremorel.com\/en\/articles\/#article","isPartOf":{"@id":"https:\/\/marcandremorel.com\/en\/articles\/"},"author":{"name":"Marc Andr\u00e9 Morel","@id":"https:\/\/marcandremorel.com\/en\/#\/schema\/person\/516ab3485f4a3fec3044b778e4e5ed78"},"headline":"Articles","datePublished":"2018-04-03T01:02:18+00:00","dateModified":"2023-03-22T16:35:55+00:00","mainEntityOfPage":{"@id":"https:\/\/marcandremorel.com\/en\/articles\/"},"wordCount":244,"publisher":{"@id":"https:\/\/marcandremorel.com\/en\/#organization"},"image":{"@id":"https:\/\/marcandremorel.com\/en\/articles\/#primaryimage"},"thumbnailUrl":"https:\/\/marcandremorel.com\/wp-content\/uploads\/2020\/08\/IMG_4730.jpg","inLanguage":"en-US"},{"@type":"WebPage","@id":"https:\/\/marcandremorel.com\/en\/articles\/","url":"https:\/\/marcandremorel.com\/en\/articles\/","name":"Articles | Marc Andr\u00e9 Morel Conf\u00e9rencier","isPartOf":{"@id":"https:\/\/marcandremorel.com\/en\/#website"},"primaryImageOfPage":{"@id":"https:\/\/marcandremorel.com\/en\/articles\/#primaryimage"},"image":{"@id":"https:\/\/marcandremorel.com\/en\/articles\/#primaryimage"},"thumbnailUrl":"https:\/\/marcandremorel.com\/wp-content\/uploads\/2020\/08\/IMG_4730.jpg","datePublished":"2018-04-03T01:02:18+00:00","dateModified":"2023-03-22T16:35:55+00:00","breadcrumb":{"@id":"https:\/\/marcandremorel.com\/en\/articles\/#breadcrumb"},"inLanguage":"en-US","potentialAction":[{"@type":"ReadAction","target":["https:\/\/marcandremorel.com\/en\/articles\/"]}]},{"@type":"ImageObject","inLanguage":"en-US","@id":"https:\/\/marcandremorel.com\/en\/articles\/#primaryimage","url":"https:\/\/marcandremorel.com\/wp-content\/uploads\/2020\/08\/IMG_4730.jpg","contentUrl":"https:\/\/marcandremorel.com\/wp-content\/uploads\/2020\/08\/IMG_4730.jpg","width":2048,"height":2048},{"@type":"BreadcrumbList","@id":"https:\/\/marcandremorel.com\/en\/articles\/#breadcrumb","itemListElement":[{"@type":"ListItem","position":1,"name":"Accueil","item":"https:\/\/marcandremorel.com\/en\/accueil\/"},{"@type":"ListItem","position":2,"name":"Articles"}]},{"@type":"WebSite","@id":"https:\/\/marcandremorel.com\/en\/#website","url":"https:\/\/marcandremorel.com\/en\/","name":"Marc Andr\u00e9 Morel conf\u00e9rencier","description":"Donnez un visage humain \u00e0 votre r\u00e9ussite","publisher":{"@id":"https:\/\/marcandremorel.com\/en\/#organization"},"alternateName":"Marc Andr\u00e9 Morel","potentialAction":[{"@type":"SearchAction","target":{"@type":"EntryPoint","urlTemplate":"https:\/\/marcandremorel.com\/en\/?s={search_term_string}"},"query-input":{"@type":"PropertyValueSpecification","valueRequired":true,"valueName":"search_term_string"}}],"inLanguage":"en-US"},{"@type":"Organization","@id":"https:\/\/marcandremorel.com\/en\/#organization","name":"Marc Andr\u00e9 Morel conf\u00e9rencier","alternateName":"Marc Andr\u00e9 Morel","url":"https:\/\/marcandremorel.com\/en\/","logo":{"@type":"ImageObject","inLanguage":"en-US","@id":"https:\/\/marcandremorel.com\/en\/#\/schema\/logo\/image\/","url":"https:\/\/marcandremorel.com\/wp-content\/uploads\/2023\/11\/accueil_carre.jpg","contentUrl":"https:\/\/marcandremorel.com\/wp-content\/uploads\/2023\/11\/accueil_carre.jpg","width":696,"height":696,"caption":"Marc Andr\u00e9 Morel conf\u00e9rencier"},"image":{"@id":"https:\/\/marcandremorel.com\/en\/#\/schema\/logo\/image\/"},"sameAs":["https:\/\/www.facebook.com\/MarcAndreMorelConferencier","https:\/\/x.com\/MarcAndreMorel","https:\/\/www.linkedin.com\/in\/marc-andr\u00e9-morel-conf\u00e9rencier-keynote-speaker\/?locale=fr_FR","https:\/\/www.youtube.com\/channel\/UCey6k0UosX9ocvXXP2K22pg","https:\/\/www.instagram.com\/marcandremorel_csp\/"]},{"@type":"Person","@id":"https:\/\/marcandremorel.com\/en\/#\/schema\/person\/516ab3485f4a3fec3044b778e4e5ed78","name":"Marc Andr\u00e9 Morel","image":{"@type":"ImageObject","inLanguage":"en-US","@id":"https:\/\/marcandremorel.com\/en\/#\/schema\/person\/image\/","url":"https:\/\/marcandremorel.com\/wp-content\/litespeed\/avatar\/4a39368e7cb8942c0239d1fb60fcb2d5.jpg?ver=1776192197","contentUrl":"https:\/\/marcandremorel.com\/wp-content\/litespeed\/avatar\/4a39368e7cb8942c0239d1fb60fcb2d5.jpg?ver=1776192197","caption":"Marc Andr\u00e9 Morel"},"url":"https:\/\/marcandremorel.com\/en\/author\/marc-andre\/"}]}},"_links":{"self":[{"href":"https:\/\/marcandremorel.com\/en\/wp-json\/wp\/v2\/pages\/9250"}],"collection":[{"href":"https:\/\/marcandremorel.com\/en\/wp-json\/wp\/v2\/pages"}],"about":[{"href":"https:\/\/marcandremorel.com\/en\/wp-json\/wp\/v2\/types\/page"}],"author":[{"embeddable":true,"href":"https:\/\/marcandremorel.com\/en\/wp-json\/wp\/v2\/users\/2"}],"replies":[{"embeddable":true,"href":"https:\/\/marcandremorel.com\/en\/wp-json\/wp\/v2\/comments?post=9250"}],"version-history":[{"count":0,"href":"https:\/\/marcandremorel.com\/en\/wp-json\/wp\/v2\/pages\/9250\/revisions"}],"wp:featuredmedia":[{"embeddable":true,"href":"https:\/\/marcandremorel.com\/en\/wp-json\/wp\/v2\/media\/3607"}],"wp:attachment":[{"href":"https:\/\/marcandremorel.com\/en\/wp-json\/wp\/v2\/media?parent=9250"}],"curies":[{"name":"wp","href":"https:\/\/api.w.org\/{rel}","templated":true}]}}